{"id":1412,"date":"2015-03-04T11:57:42","date_gmt":"2015-03-04T11:57:42","guid":{"rendered":"http:\/\/www.gimnasticterrassa.cat\/?page_id=1412"},"modified":"2015-12-06T07:18:03","modified_gmt":"2015-12-06T07:18:03","slug":"fisioterapia","status":"publish","type":"page","link":"http:\/\/www.gimnasticterrassa.cat\/?page_id=1412","title":{"rendered":"FISIOTER\u00c0PIA"},"content":{"rendered":"<h2><span id=\"result_box\" class=\"\" lang=\"ca\" tabindex=\"-1\"><span title=\"Servicio de fisioterapia\n\">Servei de fisioter\u00e0pia<\/span><\/span><\/h2>\n<p><span id=\"result_box\" class=\"\" lang=\"ca\" tabindex=\"-1\"><span title=\"El complemento perfecto a tu entrenamiento\n\">El complement perfecte al teu entrenament<\/span><\/span><\/p>\n<p><span id=\"result_box\" class=\"\" lang=\"ca\" tabindex=\"-1\"><span title=\"Habitualmente sufrimos peque\u00f1as molestias o dolores que nos impiden llevar con normalidad nuestra vida diaria o realizar actividad f\u00edsica.\">Habitualment patim petites mol\u00e8sties o dolors que ens impedeixen portar amb normalitat la nostra vida di\u00e0ria o realitzar activitat f\u00edsica. <\/span><span title=\"La fisioterapia permite actuar en la prevenci\u00f3n, mantenimiento y recuperaci\u00f3n de las lesiones.\n\">La fisioter\u00e0pia permet actuar en la prevenci\u00f3, manteniment i recuperaci\u00f3 de les lesions.<\/span><\/span><\/p>\n<p><span id=\"result_box\" class=\"\" lang=\"ca\" tabindex=\"-1\"><span title=\"Se trata de un servicio indicado para tratar los dolores provocados por el entrenamiento pero tambi\u00e9n es ideal en caso que necesites rehabilitarte de una lesi\u00f3n.\n\">Es tracta d&#8217;un servei indicat per tractar els dolors provocats per l&#8217;entrenament per\u00f2 tamb\u00e9 \u00e9s ideal en cas que necessitis rehabilitar d&#8217;una lesi\u00f3.<\/span><\/span><\/p>\n<p><span id=\"result_box\" class=\"\" lang=\"ca\" tabindex=\"-1\"><span title=\"En el centro te ofrecemos un tratamiento individual y personalizado en el que mediante t\u00e9cnicas como la terapia manual, masajes, aplicaci\u00f3n de frio o calor, punci\u00f3n seca, vendajes neuromusculares, ejercicios, estiramientos, etc\u2026 te ayudaremos a afrontar una gran variedad de patolog\u00edas.\n\">Al centre t&#8217;oferim un tractament individual i personalitzat en el qual mitjan\u00e7ant t\u00e8cniques com la ter\u00e0pia manual, massatges, aplicaci\u00f3 de fred o calor, punci\u00f3 seca, embenats neuromusculars, exercicis, estiraments, etc &#8230; t&#8217;ajudarem a afrontar una gran varietat de patologies.<\/span><\/span><\/p>\n<p style=\"padding-left: 30px;\"><span id=\"result_box\" class=\"\" lang=\"ca\" tabindex=\"-1\"><span title=\"Dolores de espalda: Cervicalgia, dorsalgia y lumbalgia.\n\">Dolors d&#8217;esquena: Cervic\u00e0lgia, dors\u00e0lgia i lumb\u00e0lgia.<br \/>\n<\/span><span title=\"Ci\u00e1tica.\n\">Ci\u00e0tica.<br \/>\n<\/span><span title=\"Tendinitis.\n\">Tendinitis.<br \/>\n<\/span><span title=\"Esguinces.\n\">Esquin\u00e7os.<br \/>\n<\/span><span title=\"Sobrecargas musculares.\n\">Sobrec\u00e0rregues musculars.<br \/>\n<\/span><span title=\"Lesiones deportivas.\n\">Lesions esportives.<br \/>\n<\/span><span title=\"Preparaci\u00f3n pre y post cirug\u00eda.\n\">Preparaci\u00f3 pre i post cirurgia.<\/span><\/span><\/p>\n<p><span id=\"result_box\" class=\"\" lang=\"ca\" tabindex=\"-1\"><span title=\"Y un largo etc\u00e9tera\u2026..\n\">I un llarg etc\u00e8tera &#8230; ..<\/span><\/span><span id=\"result_box\" class=\"\" lang=\"ca\" tabindex=\"-1\"><span title=\"Y un largo etc\u00e9tera\u2026..\n\"><br \/>\n<\/span><\/span><\/p>\n<p><span id=\"result_box\" class=\"\" lang=\"ca\" tabindex=\"-1\"><span title=\"El servicio de fisioterapia est\u00e1 abierto tanto a socios del Club como a no socios.\">El servei de fisioter\u00e0pia est\u00e0 obert tant a socis del Club com a no socis.<\/span><\/span><\/p>\n<p>Consulta preus i demana cita a recepci\u00f3.<\/p>\n","protected":false},"excerpt":{"rendered":"<p>Servei de fisioter\u00e0pia El complement perfecte al teu entrenament Habitualment patim petites mol\u00e8sties o dolors que ens impedeixen portar amb normalitat la nostra vida di\u00e0ria o realitzar activitat f\u00edsica. La fisioter\u00e0pia permet actuar en la prevenci\u00f3, manteniment i recuperaci\u00f3 de les lesions. Es tracta d&#8217;un servei indicat per tractar els dolors provocats per l&#8217;entrenament per\u00f2 &hellip; <\/p>\n<p class=\"link-more\"><a href=\"http:\/\/www.gimnasticterrassa.cat\/?page_id=1412\" class=\"more-link\">Continua llegint <span class=\"screen-reader-text\">\u00abFISIOTER\u00c0PIA\u00bb<\/span><\/a><\/p>\n","protected":false},"author":1,"featured_media":0,"parent":0,"menu_order":0,"comment_status":"closed","ping_status":"closed","template":"page-templates\/front-page.php","meta":{"jetpack_post_was_ever_published":false,"footnotes":""},"jetpack_sharing_enabled":true,"jetpack_shortlink":"https:\/\/wp.me\/P5M9VU-mM","_links":{"self":[{"href":"http:\/\/www.gimnasticterrassa.cat\/index.php?rest_route=\/wp\/v2\/pages\/1412"}],"collection":[{"href":"http:\/\/www.gimnasticterrassa.cat\/index.php?rest_route=\/wp\/v2\/pages"}],"about":[{"href":"http:\/\/www.gimnasticterrassa.cat\/index.php?rest_route=\/wp\/v2\/types\/page"}],"author":[{"embeddable":true,"href":"http:\/\/www.gimnasticterrassa.cat\/index.php?rest_route=\/wp\/v2\/users\/1"}],"replies":[{"embeddable":true,"href":"http:\/\/www.gimnasticterrassa.cat\/index.php?rest_route=%2Fwp%2Fv2%2Fcomments&post=1412"}],"version-history":[{"count":3,"href":"http:\/\/www.gimnasticterrassa.cat\/index.php?rest_route=\/wp\/v2\/pages\/1412\/revisions"}],"predecessor-version":[{"id":1684,"href":"http:\/\/www.gimnasticterrassa.cat\/index.php?rest_route=\/wp\/v2\/pages\/1412\/revisions\/1684"}],"wp:attachment":[{"href":"http:\/\/www.gimnasticterrassa.cat\/index.php?rest_route=%2Fwp%2Fv2%2Fmedia&parent=1412"}],"curies":[{"name":"wp","href":"https:\/\/api.w.org\/{rel}","templated":true}]}}