{"id":1913,"date":"2017-12-06T13:56:41","date_gmt":"2017-12-06T12:56:41","guid":{"rendered":"http:\/\/www.gimnasticterrassa.cat\/?page_id=1913"},"modified":"2017-12-06T13:56:41","modified_gmt":"2017-12-06T12:56:41","slug":"disciplines","status":"publish","type":"page","link":"http:\/\/www.gimnasticterrassa.cat\/?page_id=1913","title":{"rendered":"DISCIPLINES"},"content":{"rendered":"<p>La nostra intenci\u00f3 \u00e9s ser capa\u00e7os d&#8217;arribar al m\u00e0xim p\u00fablic possible i \u00e9s per aix\u00f2 que tamb\u00e9\u00a0col\u00b7laborem amb diferents escoles i en les seves instal\u00b7lacions, amb els nostres monitors\u00a0especialitzats, intentem fer arribar arreu la pr\u00e0ctica i l&#8217;ensenyament d&#8217;aquest esport, feu una\u00a0ullada a la pestanya corresponent.<\/p>\n","protected":false},"excerpt":{"rendered":"<p>La nostra intenci\u00f3 \u00e9s ser capa\u00e7os d&#8217;arribar al m\u00e0xim p\u00fablic possible i \u00e9s per aix\u00f2 que tamb\u00e9\u00a0col\u00b7laborem amb diferents escoles i en les seves instal\u00b7lacions, amb els nostres monitors\u00a0especialitzats, intentem fer arribar arreu la pr\u00e0ctica i l&#8217;ensenyament d&#8217;aquest esport, feu una\u00a0ullada a la pestanya corresponent.<\/p>\n","protected":false},"author":1,"featured_media":0,"parent":0,"menu_order":0,"comment_status":"closed","ping_status":"closed","template":"","meta":{"jetpack_post_was_ever_published":false,"footnotes":""},"jetpack_sharing_enabled":true,"jetpack_shortlink":"https:\/\/wp.me\/P5M9VU-uR","_links":{"self":[{"href":"http:\/\/www.gimnasticterrassa.cat\/index.php?rest_route=\/wp\/v2\/pages\/1913"}],"collection":[{"href":"http:\/\/www.gimnasticterrassa.cat\/index.php?rest_route=\/wp\/v2\/pages"}],"about":[{"href":"http:\/\/www.gimnasticterrassa.cat\/index.php?rest_route=\/wp\/v2\/types\/page"}],"author":[{"embeddable":true,"href":"http:\/\/www.gimnasticterrassa.cat\/index.php?rest_route=\/wp\/v2\/users\/1"}],"replies":[{"embeddable":true,"href":"http:\/\/www.gimnasticterrassa.cat\/index.php?rest_route=%2Fwp%2Fv2%2Fcomments&post=1913"}],"version-history":[{"count":1,"href":"http:\/\/www.gimnasticterrassa.cat\/index.php?rest_route=\/wp\/v2\/pages\/1913\/revisions"}],"predecessor-version":[{"id":1914,"href":"http:\/\/www.gimnasticterrassa.cat\/index.php?rest_route=\/wp\/v2\/pages\/1913\/revisions\/1914"}],"wp:attachment":[{"href":"http:\/\/www.gimnasticterrassa.cat\/index.php?rest_route=%2Fwp%2Fv2%2Fmedia&parent=1913"}],"curies":[{"name":"wp","href":"https:\/\/api.w.org\/{rel}","templated":true}]}}