{"id":1916,"date":"2017-12-06T13:59:51","date_gmt":"2017-12-06T12:59:51","guid":{"rendered":"http:\/\/www.gimnasticterrassa.cat\/?page_id=1916"},"modified":"2017-12-06T13:59:51","modified_gmt":"2017-12-06T12:59:51","slug":"gimnastica-artistica-masculina","status":"publish","type":"page","link":"http:\/\/www.gimnasticterrassa.cat\/?page_id=1916","title":{"rendered":"GIMN\u00c0STICA ART\u00cdSTICA MASCULINA"},"content":{"rendered":"<p>Disciplina de la gimn\u00e0stica en la que els esportistes\u00a0executen les seves rutines en els diferents aparells que conformen aquesta especialitat: terra,\u00a0potro amb arcs, anelles, barra, salt i paral\u00b7leles.<\/p>\n","protected":false},"excerpt":{"rendered":"<p>Disciplina de la gimn\u00e0stica en la que els esportistes\u00a0executen les seves rutines en els diferents aparells que conformen aquesta especialitat: terra,\u00a0potro amb arcs, anelles, barra, salt i paral\u00b7leles.<\/p>\n","protected":false},"author":1,"featured_media":0,"parent":0,"menu_order":0,"comment_status":"closed","ping_status":"closed","template":"","meta":{"jetpack_post_was_ever_published":false,"footnotes":""},"jetpack_sharing_enabled":true,"jetpack_shortlink":"https:\/\/wp.me\/P5M9VU-uU","_links":{"self":[{"href":"http:\/\/www.gimnasticterrassa.cat\/index.php?rest_route=\/wp\/v2\/pages\/1916"}],"collection":[{"href":"http:\/\/www.gimnasticterrassa.cat\/index.php?rest_route=\/wp\/v2\/pages"}],"about":[{"href":"http:\/\/www.gimnasticterrassa.cat\/index.php?rest_route=\/wp\/v2\/types\/page"}],"author":[{"embeddable":true,"href":"http:\/\/www.gimnasticterrassa.cat\/index.php?rest_route=\/wp\/v2\/users\/1"}],"replies":[{"embeddable":true,"href":"http:\/\/www.gimnasticterrassa.cat\/index.php?rest_route=%2Fwp%2Fv2%2Fcomments&post=1916"}],"version-history":[{"count":1,"href":"http:\/\/www.gimnasticterrassa.cat\/index.php?rest_route=\/wp\/v2\/pages\/1916\/revisions"}],"predecessor-version":[{"id":1917,"href":"http:\/\/www.gimnasticterrassa.cat\/index.php?rest_route=\/wp\/v2\/pages\/1916\/revisions\/1917"}],"wp:attachment":[{"href":"http:\/\/www.gimnasticterrassa.cat\/index.php?rest_route=%2Fwp%2Fv2%2Fmedia&parent=1916"}],"curies":[{"name":"wp","href":"https:\/\/api.w.org\/{rel}","templated":true}]}}