{"id":1918,"date":"2017-12-06T14:01:06","date_gmt":"2017-12-06T13:01:06","guid":{"rendered":"http:\/\/www.gimnasticterrassa.cat\/?page_id=1918"},"modified":"2017-12-06T14:01:06","modified_gmt":"2017-12-06T13:01:06","slug":"gimnastica-artistica-femenina","status":"publish","type":"page","link":"http:\/\/www.gimnasticterrassa.cat\/?page_id=1918","title":{"rendered":"GIMN\u00c0STICA ART\u00cdSTICA FEMENINA"},"content":{"rendered":"<p>Disciplina de la gimn\u00e0stica en la que les esportistes\u00a0desenvolupen les seves rutines en els diferents aparells que conformen aquesta especialitat:\u00a0terra, barra, paral\u00b7leles asim\u00e8triques i salt.<\/p>\n","protected":false},"excerpt":{"rendered":"<p>Disciplina de la gimn\u00e0stica en la que les esportistes\u00a0desenvolupen les seves rutines en els diferents aparells que conformen aquesta especialitat:\u00a0terra, barra, paral\u00b7leles asim\u00e8triques i salt.<\/p>\n","protected":false},"author":1,"featured_media":0,"parent":0,"menu_order":0,"comment_status":"closed","ping_status":"closed","template":"","meta":{"jetpack_post_was_ever_published":false,"footnotes":""},"jetpack_sharing_enabled":true,"jetpack_shortlink":"https:\/\/wp.me\/P5M9VU-uW","_links":{"self":[{"href":"http:\/\/www.gimnasticterrassa.cat\/index.php?rest_route=\/wp\/v2\/pages\/1918"}],"collection":[{"href":"http:\/\/www.gimnasticterrassa.cat\/index.php?rest_route=\/wp\/v2\/pages"}],"about":[{"href":"http:\/\/www.gimnasticterrassa.cat\/index.php?rest_route=\/wp\/v2\/types\/page"}],"author":[{"embeddable":true,"href":"http:\/\/www.gimnasticterrassa.cat\/index.php?rest_route=\/wp\/v2\/users\/1"}],"replies":[{"embeddable":true,"href":"http:\/\/www.gimnasticterrassa.cat\/index.php?rest_route=%2Fwp%2Fv2%2Fcomments&post=1918"}],"version-history":[{"count":1,"href":"http:\/\/www.gimnasticterrassa.cat\/index.php?rest_route=\/wp\/v2\/pages\/1918\/revisions"}],"predecessor-version":[{"id":1919,"href":"http:\/\/www.gimnasticterrassa.cat\/index.php?rest_route=\/wp\/v2\/pages\/1918\/revisions\/1919"}],"wp:attachment":[{"href":"http:\/\/www.gimnasticterrassa.cat\/index.php?rest_route=%2Fwp%2Fv2%2Fmedia&parent=1918"}],"curies":[{"name":"wp","href":"https:\/\/api.w.org\/{rel}","templated":true}]}}