{"id":2432,"date":"2020-06-06T15:22:43","date_gmt":"2020-06-06T14:22:43","guid":{"rendered":"http:\/\/www.gimnasticterrassa.cat\/?page_id=2432"},"modified":"2020-06-14T21:00:49","modified_gmt":"2020-06-14T20:00:49","slug":"campus-destiu-2020","status":"publish","type":"page","link":"http:\/\/www.gimnasticterrassa.cat\/?page_id=2432","title":{"rendered":"Campus d&#8217;Estiu 2020"},"content":{"rendered":"<p>Us presentem el Campus d&#8217;Estiu 2020. Aquesta \u00e9s una edici\u00f3 especial del campus, doncs les limitacions imposades per l&#8217;estat d&#8217;alarma no ens permetran d&#8217;una banda oferir un horari tan ampli com altres anys i de l&#8217;altra dur a terme activitats tradicionals com les sortides a la piscina de Vallparad\u00eds.<\/p>\n<p>Aix\u00ed doncs aquest any es concentrar\u00e0 l&#8217;activitat principalment a les instal\u00b7lacions del club, i en funci\u00f3 de l&#8217;evoluci\u00f3 de les fases de retorn a la nova normalitat, podem introduir novetats en la seu desenvolupament.<\/p>\n<p>L&#8217;activitat principal ser\u00e0 la pr\u00e0ctica i ensenyament de la <strong>Gimn\u00e0stica Art\u00edstica<\/strong>, sigui per a nenes i nens que encara no s&#8217;han iniciat en aquest esport, com per a gimnastes del club que vulguin fer perfeccionament. El nostre objectiu ser\u00e0 que cada participant\u00a0progressi i experimenti una millora en el\u00a0 seu nivell gimn\u00e0stic, o que pugui preparar la seva entrada al club a partir de setembre.<\/p>\n<p>L&#8217;activitat gimn\u00e0stica es combinar\u00e0 amb altres modalitat com dansa o parkour, i farem tamb\u00e9 classes dirigides de l&#8217;\u00e0mbit del fitness com poden ser zumba strong i altres, intentant combinar les diferents disciplines per assolir un bon aprenentatge alhora que aconseguir un alt nivell de diversi\u00f3.<\/p>\n<p style=\"font-weight: 400;\">El\u00a0<strong>Campus<\/strong>\u00a0constar\u00e0 de dues fases, una primera del 22 de juny al 31 de juliol, i una segona del 31 d&#8217;agost al 10 de setembre. Els horaris seran de 9 a 13.30 del mat\u00ed, el qual podem ampliar en funci\u00f3 dels requeriments i limitacions que es plantegin a la fase de nova normalitat. Obrim la possibilitat de fer tamb\u00e9 setmanes del mes d&#8217;agost, la qual concretarem els pr\u00f2xims dies en funci\u00f3 de com evolucioni l&#8217;obertura del gimn\u00e0s i les ordres del govern.<\/p>\n<p style=\"font-weight: 400;\"><strong>\u00a0<\/strong><strong>Els preus del\u00a0campus\u00a0seran els seg\u00fcents:<\/strong><\/p>\n<style type=\"text\/css\"><!--td {border: 1px solid #ccc;}br {mso-data-placement:same-cell;}--><\/style>\n<table dir=\"ltr\" border=\"1\" cellspacing=\"0\" cellpadding=\"0\">\n<colgroup>\n<col width=\"165\" \/>\n<col width=\"100\" \/>\n<col width=\"79\" \/>\n<col width=\"24\" \/>\n<col width=\"79\" \/>\n<col width=\"79\" \/><\/colgroup>\n<tbody>\n<tr>\n<td><\/td>\n<td colspan=\"2\" rowspan=\"1\" data-sheets-value=\"{&quot;1&quot;:2,&quot;2&quot;:&quot;SETMANA LLARGA&quot;}\">SETMANA LLARGA<\/td>\n<td><\/td>\n<td colspan=\"2\" rowspan=\"1\" data-sheets-value=\"{&quot;1&quot;:2,&quot;2&quot;:&quot;SETMANA CURTA&quot;}\">SETMANA CURTA<\/td>\n<\/tr>\n<tr>\n<td><\/td>\n<td data-sheets-value=\"{&quot;1&quot;:2,&quot;2&quot;:&quot;NO SOCI&quot;}\">NO SOCI<\/td>\n<td data-sheets-value=\"{&quot;1&quot;:2,&quot;2&quot;:&quot;SOCI&quot;}\">SOCI<\/td>\n<td><\/td>\n<td data-sheets-value=\"{&quot;1&quot;:2,&quot;2&quot;:&quot;NO SOCI&quot;}\">NO SOCI<\/td>\n<td data-sheets-value=\"{&quot;1&quot;:2,&quot;2&quot;:&quot;SOCI&quot;}\">SOCI<\/td>\n<\/tr>\n<tr>\n<td data-sheets-value=\"{&quot;1&quot;:2,&quot;2&quot;:&quot;SETMANA MATI&quot;}\">SETMANA MATI<\/td>\n<td data-sheets-value=\"{&quot;1&quot;:3,&quot;3&quot;:70}\" data-sheets-numberformat=\"{&quot;1&quot;:2,&quot;2&quot;:&quot;#,##0.00\\\\ \\&quot;\u20ac\\&quot;&quot;,&quot;3&quot;:1}\">70,00 \u20ac<\/td>\n<td data-sheets-value=\"{&quot;1&quot;:3,&quot;3&quot;:60}\" data-sheets-numberformat=\"{&quot;1&quot;:2,&quot;2&quot;:&quot;#,##0.00\\\\ \\&quot;\u20ac\\&quot;&quot;,&quot;3&quot;:1}\">60,00 \u20ac<\/td>\n<td data-sheets-numberformat=\"{&quot;1&quot;:2,&quot;2&quot;:&quot;#,##0.00\\\\ \\&quot;\u20ac\\&quot;&quot;,&quot;3&quot;:1}\"><\/td>\n<td data-sheets-value=\"{&quot;1&quot;:3,&quot;3&quot;:56}\" data-sheets-numberformat=\"{&quot;1&quot;:2,&quot;2&quot;:&quot;#,##0.00\\\\ \\&quot;\u20ac\\&quot;&quot;,&quot;3&quot;:1}\">56,00 \u20ac<\/td>\n<td data-sheets-value=\"{&quot;1&quot;:3,&quot;3&quot;:48}\" data-sheets-numberformat=\"{&quot;1&quot;:2,&quot;2&quot;:&quot;#,##0.00\\\\ \\&quot;\u20ac\\&quot;&quot;,&quot;3&quot;:1}\">48,00 \u20ac<\/td>\n<\/tr>\n<tr>\n<td><\/td>\n<td><\/td>\n<td><\/td>\n<td><\/td>\n<td><\/td>\n<td><\/td>\n<\/tr>\n<tr>\n<td><\/td>\n<td data-sheets-value=\"{&quot;1&quot;:2,&quot;2&quot;:&quot;DESCOMPTES&quot;}\">\n<div>\n<div>DESCOMPTES<\/div>\n<\/div>\n<\/td>\n<td><\/td>\n<td><\/td>\n<td><\/td>\n<td><\/td>\n<\/tr>\n<tr>\n<td data-sheets-value=\"{&quot;1&quot;:2,&quot;2&quot;:&quot;3-4 SETMANES&quot;}\">3-4 SETMANES<\/td>\n<td data-sheets-value=\"{&quot;1&quot;:3,&quot;3&quot;:0.05}\" data-sheets-numberformat=\"{&quot;1&quot;:2,&quot;2&quot;:&quot;0%&quot;,&quot;3&quot;:1}\">5%<\/td>\n<td><\/td>\n<td><\/td>\n<td><\/td>\n<td><\/td>\n<\/tr>\n<tr>\n<td data-sheets-value=\"{&quot;1&quot;:2,&quot;2&quot;:&quot;MES DE 4 SETMANES&quot;}\">MES DE 4 SETMANES<\/td>\n<td data-sheets-value=\"{&quot;1&quot;:3,&quot;3&quot;:0.1}\" data-sheets-numberformat=\"{&quot;1&quot;:2,&quot;2&quot;:&quot;0%&quot;,&quot;3&quot;:1}\">10%<\/td>\n<td><\/td>\n<td><\/td>\n<td><\/td>\n<td><\/td>\n<\/tr>\n<tr>\n<td data-sheets-value=\"{&quot;1&quot;:2,&quot;2&quot;:&quot;CAMPUS COMPLET&quot;}\">CAMPUS COMPLET<\/td>\n<td data-sheets-value=\"{&quot;1&quot;:3,&quot;3&quot;:0.15}\" data-sheets-numberformat=\"{&quot;1&quot;:2,&quot;2&quot;:&quot;0%&quot;,&quot;3&quot;:1}\">15%<\/td>\n<td><\/td>\n<td><\/td>\n<td><\/td>\n<td><\/td>\n<\/tr>\n<\/tbody>\n<\/table>\n<p><b>Els germans tenen un 10% de descompte addicional<\/b><\/p>\n<p><a href=\"https:\/\/docs.google.com\/forms\/d\/e\/1FAIpQLSdhGL0OTGEbTu6Uj4n4cSmkirDNuFRXdpsGA_xe8qcCllz89w\/viewform\">FORMULARI D&#8217;INSCRIPCI\u00d3<\/a><\/p>\n","protected":false},"excerpt":{"rendered":"<p>Us presentem el Campus d&#8217;Estiu 2020. Aquesta \u00e9s una edici\u00f3 especial del campus, doncs les limitacions imposades per l&#8217;estat d&#8217;alarma no ens permetran d&#8217;una banda oferir un horari tan ampli com altres anys i de l&#8217;altra dur a terme activitats tradicionals com les sortides a la piscina de Vallparad\u00eds. Aix\u00ed doncs aquest any es concentrar\u00e0 &hellip; <\/p>\n<p class=\"link-more\"><a href=\"http:\/\/www.gimnasticterrassa.cat\/?page_id=2432\" class=\"more-link\">Continua llegint <span class=\"screen-reader-text\">\u00abCampus d&#8217;Estiu 2020\u00bb<\/span><\/a><\/p>\n","protected":false},"author":1,"featured_media":0,"parent":0,"menu_order":0,"comment_status":"closed","ping_status":"closed","template":"","meta":{"jetpack_post_was_ever_published":false,"footnotes":""},"jetpack_sharing_enabled":true,"jetpack_shortlink":"https:\/\/wp.me\/P5M9VU-De","_links":{"self":[{"href":"http:\/\/www.gimnasticterrassa.cat\/index.php?rest_route=\/wp\/v2\/pages\/2432"}],"collection":[{"href":"http:\/\/www.gimnasticterrassa.cat\/index.php?rest_route=\/wp\/v2\/pages"}],"about":[{"href":"http:\/\/www.gimnasticterrassa.cat\/index.php?rest_route=\/wp\/v2\/types\/page"}],"author":[{"embeddable":true,"href":"http:\/\/www.gimnasticterrassa.cat\/index.php?rest_route=\/wp\/v2\/users\/1"}],"replies":[{"embeddable":true,"href":"http:\/\/www.gimnasticterrassa.cat\/index.php?rest_route=%2Fwp%2Fv2%2Fcomments&post=2432"}],"version-history":[{"count":6,"href":"http:\/\/www.gimnasticterrassa.cat\/index.php?rest_route=\/wp\/v2\/pages\/2432\/revisions"}],"predecessor-version":[{"id":2475,"href":"http:\/\/www.gimnasticterrassa.cat\/index.php?rest_route=\/wp\/v2\/pages\/2432\/revisions\/2475"}],"wp:attachment":[{"href":"http:\/\/www.gimnasticterrassa.cat\/index.php?rest_route=%2Fwp%2Fv2%2Fmedia&parent=2432"}],"curies":[{"name":"wp","href":"https:\/\/api.w.org\/{rel}","templated":true}]}}