{"id":114,"date":"2014-12-24T22:47:18","date_gmt":"2014-12-24T22:47:18","guid":{"rendered":"http:\/\/lopezvict.wordpress.com\/?page_id=114"},"modified":"2022-09-01T19:05:55","modified_gmt":"2022-09-01T18:05:55","slug":"el-club-2","status":"publish","type":"page","link":"https:\/\/www.gimnasticterrassa.cat\/?page_id=114","title":{"rendered":"EL CLUB"},"content":{"rendered":"<p>El Club Gimn\u00e0stic Terrassa \u00e9s una entitat sense \u00e0nim de lucre dedicada a l&#8217;ensenyament de la gimn\u00e0stica art\u00edstica, r\u00edtmica, trampol\u00ed i parkour en totes les seves modalitats i nivells. Dins la seva especialitat, \u00e9s l&#8217;entitat de gimn\u00e0stica m\u00e9s important de la ciutat, com ho acredita el seu nombre d\u2019alumnes, m\u00e9s de 400 nens i nenes, i els seus resultats, destinant els seus ingressos a la millora constant de la instal\u00b7laci\u00f3.<br \/>\nLa instal\u00b7laci\u00f3 compta amb m\u00e9s de 1500 metres quadrats que acullen l&#8217;equipament necessari\u00a0per cobrir les necessitats espec\u00edfiques dels nostres gimnastes. Des d\u2019aquells grups que s&#8217;inicien\u00a0en la pr\u00e0ctica d&#8217;aquest esport, fins grups de nivells avan\u00e7ats.<br \/>\nPer atendre les necessitats esportives dels nostres gimnastes i garantir totes les disciplines que s&#8217;imparteixen, comptem amb un equip docent format per m\u00e9s de 15 t\u00e8cnics amb una gran experi\u00e8ncia formativa.<br \/>\nTot aix\u00f2 fan del Gimn\u00e0stic Terrassa un lloc ideal per practicar gimn\u00e0stica<\/p>\n","protected":false},"excerpt":{"rendered":"<p>El Club Gimn\u00e0stic Terrassa \u00e9s una entitat sense \u00e0nim de lucre dedicada a l&#8217;ensenyament de la gimn\u00e0stica art\u00edstica, r\u00edtmica, trampol\u00ed i parkour en totes les seves modalitats i nivells. Dins la seva especialitat, \u00e9s l&#8217;entitat de gimn\u00e0stica m\u00e9s important de la ciutat, com ho acredita el seu nombre d\u2019alumnes, m\u00e9s de 400 nens i nenes, &hellip; <\/p>\n<p class=\"link-more\"><a href=\"https:\/\/www.gimnasticterrassa.cat\/?page_id=114\" class=\"more-link\">Continua llegint <span class=\"screen-reader-text\">\u00abEL CLUB\u00bb<\/span><\/a><\/p>\n","protected":false},"author":1,"featured_media":0,"parent":0,"menu_order":0,"comment_status":"closed","ping_status":"closed","template":"","meta":{"jetpack_post_was_ever_published":false,"footnotes":""},"jetpack_sharing_enabled":false,"jetpack_shortlink":"https:\/\/wp.me\/P5M9VU-1Q","_links":{"self":[{"href":"https:\/\/www.gimnasticterrassa.cat\/index.php?rest_route=\/wp\/v2\/pages\/114"}],"collection":[{"href":"https:\/\/www.gimnasticterrassa.cat\/index.php?rest_route=\/wp\/v2\/pages"}],"about":[{"href":"https:\/\/www.gimnasticterrassa.cat\/index.php?rest_route=\/wp\/v2\/types\/page"}],"author":[{"embeddable":true,"href":"https:\/\/www.gimnasticterrassa.cat\/index.php?rest_route=\/wp\/v2\/users\/1"}],"replies":[{"embeddable":true,"href":"https:\/\/www.gimnasticterrassa.cat\/index.php?rest_route=%2Fwp%2Fv2%2Fcomments&post=114"}],"version-history":[{"count":5,"href":"https:\/\/www.gimnasticterrassa.cat\/index.php?rest_route=\/wp\/v2\/pages\/114\/revisions"}],"predecessor-version":[{"id":3163,"href":"https:\/\/www.gimnasticterrassa.cat\/index.php?rest_route=\/wp\/v2\/pages\/114\/revisions\/3163"}],"wp:attachment":[{"href":"https:\/\/www.gimnasticterrassa.cat\/index.php?rest_route=%2Fwp%2Fv2%2Fmedia&parent=114"}],"curies":[{"name":"wp","href":"https:\/\/api.w.org\/{rel}","templated":true}]}}