{"id":4038,"date":"2024-04-22T22:25:27","date_gmt":"2024-04-22T21:25:27","guid":{"rendered":"http:\/\/www.gimnasticterrassa.cat\/?page_id=4038"},"modified":"2024-04-23T18:13:41","modified_gmt":"2024-04-23T17:13:41","slug":"campus-destiu-2024","status":"publish","type":"page","link":"https:\/\/www.gimnasticterrassa.cat\/?page_id=4038","title":{"rendered":"Campus d&#8217;estiu 2024"},"content":{"rendered":"\n<figure class=\"wp-block-image size-large\"><a href=\"http:\/\/www.gimnasticterrassa.cat\/wp-content\/uploads\/2024\/04\/campus2024.jpg\"><img loading=\"lazy\" decoding=\"async\" width=\"819\" height=\"1024\" data-attachment-id=\"4040\" data-permalink=\"https:\/\/www.gimnasticterrassa.cat\/?attachment_id=4040\" data-orig-file=\"https:\/\/www.gimnasticterrassa.cat\/wp-content\/uploads\/2024\/04\/campus2024.jpg\" data-orig-size=\"1638,2048\" data-comments-opened=\"1\" data-image-meta=\"{&quot;aperture&quot;:&quot;0&quot;,&quot;credit&quot;:&quot;&quot;,&quot;camera&quot;:&quot;&quot;,&quot;caption&quot;:&quot;&quot;,&quot;created_timestamp&quot;:&quot;0&quot;,&quot;copyright&quot;:&quot;&quot;,&quot;focal_length&quot;:&quot;0&quot;,&quot;iso&quot;:&quot;0&quot;,&quot;shutter_speed&quot;:&quot;0&quot;,&quot;title&quot;:&quot;&quot;,&quot;orientation&quot;:&quot;0&quot;}\" data-image-title=\"campus2024\" data-image-description=\"\" data-image-caption=\"\" data-medium-file=\"https:\/\/www.gimnasticterrassa.cat\/wp-content\/uploads\/2024\/04\/campus2024-240x300.jpg\" data-large-file=\"https:\/\/www.gimnasticterrassa.cat\/wp-content\/uploads\/2024\/04\/campus2024-819x1024.jpg\" src=\"http:\/\/www.gimnasticterrassa.cat\/wp-content\/uploads\/2024\/04\/campus2024-819x1024.jpg\" alt=\"\" class=\"wp-image-4040\" srcset=\"https:\/\/www.gimnasticterrassa.cat\/wp-content\/uploads\/2024\/04\/campus2024-819x1024.jpg 819w, https:\/\/www.gimnasticterrassa.cat\/wp-content\/uploads\/2024\/04\/campus2024-240x300.jpg 240w, https:\/\/www.gimnasticterrassa.cat\/wp-content\/uploads\/2024\/04\/campus2024-768x960.jpg 768w, https:\/\/www.gimnasticterrassa.cat\/wp-content\/uploads\/2024\/04\/campus2024-1229x1536.jpg 1229w, https:\/\/www.gimnasticterrassa.cat\/wp-content\/uploads\/2024\/04\/campus2024.jpg 1638w\" sizes=\"(max-width: 706px) 89vw, (max-width: 767px) 82vw, 740px\" \/><\/a><\/figure>\n\n\n\n<p>Enguany mantenim el format de 4 campus diferents:<\/p>\n\n\n\n<p>El&nbsp;<strong>CAMPUS&nbsp;DE GIMN\u00c0STICA<\/strong>, girar\u00e0 de forma gaireb\u00e9 completa al voltant de la&nbsp;<strong>gimn\u00e0stica art\u00edstica<\/strong>, amb&nbsp;3 a&nbsp;4 hores di\u00e0ries, sota la supervisi\u00f3 de la nostra directora Llu\u00efsa Sierra i Laura Gamell i amb el nostra ampli equip t\u00e8cnic, les quals s\u2019encarregaran&nbsp;d\u2019ajudar les gimnastes inscrites a millorar i treure un major rendiment de la seva activitat, sense oblidar la part l\u00fadica, doncs la piscina del nostre poliesportiu ens permet gaudir-ne al llarg de tot el campus i els espais exterior ofereixen molts recursos, tant dins com fora del poliesportiu.<\/p>\n\n\n\n<p>El <strong>CAMPUS DE PARKOUR<\/strong>. Aquest ser\u00e0 un campus que es desenvolupar\u00e0 dins i fora del pavell\u00f3, en el nou parc de parkour, i que \u00e9s un complement perfecte per a l&#8217;aprenentatge i pr\u00e0ctica d&#8217;aquesta nova modalitat gimn\u00e0stica. Aquest campus, com el de gimn\u00e0stica, combinar\u00e0 l&#8217;activitat principal amb altres activitats gimn\u00e0stiques i l\u00fadiques, i la visita di\u00e0ria a la piscina del poliesportiu.<\/p>\n\n\n\n<p>Us oferim tamb\u00e9 el <strong>CAMPUS DE TRAMPOL\u00cd I LLIT EL\u00c0STIC<\/strong>, centrat en aquesta modalitat gimn\u00e0stica i que est\u00e0 tenint molt bona acollida. L&#8217;objectiu d&#8217;aquest campus \u00e9s l&#8217;aprenentatge i perfeccionament en els aparells de llit el\u00e0stic, doble mini-tramp i mini-tramp, entre d&#8217;altres, en el quals es duen a terme piruetes i salts diversos. Combinant l&#8217;activitat principal amb la piscina i altres modalitats.<\/p>\n\n\n\n<p>Finalment tenim el&nbsp;<strong>CAMPUS&nbsp;ESPORTIU<\/strong>, mantenim la&nbsp;<strong>gimn\u00e0stica<\/strong>&nbsp;<strong>art\u00edstica<\/strong> com a activitat troncal i eix vertebrador, per tal que totes i tots els participants puguin gaudir-ne, en nivells m\u00e9s b\u00e0sics, introduint a m\u00e9s elements dels altres dos campus (trampol\u00ed i parkour) i altres activitats esportives, aix\u00ed com visites di\u00e0ries a la piscina del poliesportiu.<\/p>\n\n\n\n<p>El&nbsp;<strong>Campus<\/strong>&nbsp;constar\u00e0 de dues fases, una primera del 25 de juny al 2 d&#8217;agost, i una segona del 2 al 6 de setembre (tenint en compte que les escoles iniciaran el curs el dia 5). Els horaris seran de 9 del mat\u00ed a 17:00, o la possibilitat de fer nom\u00e9s matins (de 9:00 a 13:30) o tardes (de 15:30 a 17:00) incloent o no dinar (de 13:30 a 15:30).&nbsp;El&nbsp;campus&nbsp;de setembre es desenvolupar\u00e0 nom\u00e9s en horari de matins.<\/p>\n\n\n\n<p>Els dinars del migdia es realitzaran en el poliesportiu i el preu encara pot tenir alguna petita variaci\u00f3<\/p>\n\n\n\n<p>Es realitzaran algunes sortides de forma puntual i en funci\u00f3 del tipus de campus, que incorporarem a la programaci\u00f3 definitiva poc abans de l&#8217;inici. El preu que indiquem a continuaci\u00f3 \u00e9s de refer\u00e8ncia i s&#8217;afegir\u00e0 al de la inscripci\u00f3. <\/p>\n\n\n\n<p><strong>Els preus del&nbsp;campus&nbsp;seran els seg\u00fcents:<\/strong><\/p>\n\n\n\n<figure class=\"wp-block-table is-style-stripes\"><table class=\"has-fixed-layout\"><tbody><tr><td><\/td><td>SETMANA LLARGA<\/td><td><\/td><td>SETMANA CURTA<\/td><td><\/td><\/tr><tr><td><\/td><td>NO SOCI<\/td><td>SOCI<\/td><td>NO SOCI<\/td><td>SOCI<\/td><\/tr><tr><td>SETMANA COMPLET<\/td><td>95,00 \u20ac<\/td><td>85,00 \u20ac<\/td><td>76,00 \u20ac<\/td><td>68,00 \u20ac<\/td><\/tr><tr><td>SETMANA MATI<\/td><td>75,00 \u20ac<\/td><td>65,00 \u20ac<\/td><td>60,00 \u20ac<\/td><td>52,00 \u20ac<\/td><\/tr><tr><td>SETMANA TARDA<\/td><td>30,00 \u20ac<\/td><td>25,00 \u20ac<\/td><td>24,00 \u20ac<\/td><td>20,00 \u20ac<\/td><\/tr><tr><td><\/td><td><\/td><td><\/td><td><\/td><td><\/td><\/tr><tr><td>DINAR*<\/td><td>50,00 \u20ac<\/td><td>50,00 \u20ac<\/td><td>40,00 \u20ac<\/td><td>40,00 \u20ac<\/td><\/tr><\/tbody><\/table><\/figure>\n\n\n\n<figure class=\"wp-block-table is-style-stripes\"><table><tbody><tr><td>\ufeff<\/td><td>DESCOMPTES<\/td><\/tr><tr><td>4-5 SETMANES<\/td><td>5%<\/td><\/tr><tr><td>6 SETMANES<\/td><td>10%<\/td><\/tr><tr><td>CAMPUS COMPLET<\/td><td>15%<\/td><\/tr><\/tbody><\/table><\/figure>\n\n\n\n<p>* Els dinars no tenen descompte\u00a0\u00a0(preu encara no definitiu)<\/p>\n\n\n\n<figure class=\"wp-block-table is-style-stripes\"><table><tbody><tr><td>ACOLLIDA MATINAL<\/td><td><\/td><\/tr><tr><td>Setmana completa<\/td><td>15,00 \u20ac<\/td><\/tr><tr><td>Dia espor\u00e0dic<\/td><td> 4,00 \u20ac<\/td><\/tr><tr><td>SORTIDES<\/td><td>10,00 \u20ac<\/td><\/tr><\/tbody><\/table><\/figure>\n\n\n\n<p><strong>Els germans tenen un 10% de descompte addicional<\/strong><\/p>\n\n\n\n<p>Us adjuntem el <strong>FORMULARI D&#8217;INSCRIPCI\u00d3<\/strong>. La formalitzaci\u00f3 de la mateixa la farem a mitjans de maig, amb el cobrament d\u2019un m\u00ednim del 20% de l\u2019import, i el cobrament de la quantitat restant es far\u00e0 abans de l\u2019inici del campus.<\/p>\n\n\n\n<p><a href=\"https:\/\/docs.google.com\/forms\/d\/e\/1FAIpQLSfU6Bx5b_gpWWn7IIKSNM6oj9ZoKr90maM2PXCQPbO5LlNFFA\/viewform\">https:\/\/docs.google.com\/forms\/d\/e\/1FAIpQLSfU6Bx5b_gpWWn7IIKSNM6oj9ZoKr90maM2PXCQPbO5LlNFFA\/viewform<\/a><\/p>\n","protected":false},"excerpt":{"rendered":"<p>Enguany mantenim el format de 4 campus diferents: El&nbsp;CAMPUS&nbsp;DE GIMN\u00c0STICA, girar\u00e0 de forma gaireb\u00e9 completa al voltant de la&nbsp;gimn\u00e0stica art\u00edstica, amb&nbsp;3 a&nbsp;4 hores di\u00e0ries, sota la supervisi\u00f3 de la nostra directora Llu\u00efsa Sierra i Laura Gamell i amb el nostra ampli equip t\u00e8cnic, les quals s\u2019encarregaran&nbsp;d\u2019ajudar les gimnastes inscrites a millorar i treure un major &hellip; <\/p>\n<p class=\"link-more\"><a href=\"https:\/\/www.gimnasticterrassa.cat\/?page_id=4038\" class=\"more-link\">Continua llegint <span class=\"screen-reader-text\">\u00abCampus d&#8217;estiu 2024\u00bb<\/span><\/a><\/p>\n","protected":false},"author":1,"featured_media":0,"parent":0,"menu_order":0,"comment_status":"closed","ping_status":"closed","template":"","meta":{"jetpack_post_was_ever_published":false,"footnotes":""},"jetpack_sharing_enabled":true,"jetpack_shortlink":"https:\/\/wp.me\/P5M9VU-138","_links":{"self":[{"href":"https:\/\/www.gimnasticterrassa.cat\/index.php?rest_route=\/wp\/v2\/pages\/4038"}],"collection":[{"href":"https:\/\/www.gimnasticterrassa.cat\/index.php?rest_route=\/wp\/v2\/pages"}],"about":[{"href":"https:\/\/www.gimnasticterrassa.cat\/index.php?rest_route=\/wp\/v2\/types\/page"}],"author":[{"embeddable":true,"href":"https:\/\/www.gimnasticterrassa.cat\/index.php?rest_route=\/wp\/v2\/users\/1"}],"replies":[{"embeddable":true,"href":"https:\/\/www.gimnasticterrassa.cat\/index.php?rest_route=%2Fwp%2Fv2%2Fcomments&post=4038"}],"version-history":[{"count":6,"href":"https:\/\/www.gimnasticterrassa.cat\/index.php?rest_route=\/wp\/v2\/pages\/4038\/revisions"}],"predecessor-version":[{"id":4051,"href":"https:\/\/www.gimnasticterrassa.cat\/index.php?rest_route=\/wp\/v2\/pages\/4038\/revisions\/4051"}],"wp:attachment":[{"href":"https:\/\/www.gimnasticterrassa.cat\/index.php?rest_route=%2Fwp%2Fv2%2Fmedia&parent=4038"}],"curies":[{"name":"wp","href":"https:\/\/api.w.org\/{rel}","templated":true}]}}